{"id":48,"date":"2025-08-11T10:01:02","date_gmt":"2025-08-11T10:01:02","guid":{"rendered":"https:\/\/somnirestaurante.com\/?page_id=48"},"modified":"2026-02-11T10:20:47","modified_gmt":"2026-02-11T10:20:47","slug":"sobre-nosotros","status":"publish","type":"page","link":"https:\/\/somnirestaurante.com\/fr\/sobre-nosotros\/","title":{"rendered":"R\u00caVE"},"content":{"rendered":"<div data-elementor-type=\"wp-page\" data-elementor-id=\"48\" class=\"elementor elementor-48\" data-elementor-post-type=\"page\">\n\t\t\t\t<div class=\"elementor-element elementor-element-a3757ed e-con-full e-flex e-con e-parent\" data-id=\"a3757ed\" data-element_type=\"container\" data-e-type=\"container\" data-settings=\"{&quot;background_background&quot;:&quot;classic&quot;}\">\n\t\t<div class=\"elementor-element elementor-element-eeba40b e-con-full e-flex e-con e-child\" data-id=\"eeba40b\" data-element_type=\"container\" data-e-type=\"container\" data-settings=\"{&quot;background_background&quot;:&quot;classic&quot;}\">\n\t\t\t\t<div class=\"elementor-element elementor-element-41f29b9 elementor-widget elementor-widget-heading\" data-id=\"41f29b9\" data-element_type=\"widget\" data-e-type=\"widget\" data-widget_type=\"heading.default\">\n\t\t\t\t\t<h2 class=\"elementor-heading-title elementor-size-default\">Libre comme un r\u00eave<\/h2>\t\t\t\t<\/div>\n\t\t\t\t<div class=\"elementor-element elementor-element-77c59c6 elementor-widget__width-initial elementor-widget elementor-widget-text-editor\" data-id=\"77c59c6\" data-element_type=\"widget\" data-e-type=\"widget\" data-widget_type=\"text-editor.default\">\n\t\t\t\t\t\t\t\t\t<p class=\"cvGsUA direction-ltr align-justify para-style-body\"><span class=\"a_GcMg font-feature-liga-off font-feature-clig-off font-feature-calt-off text-decoration-none text-strikethrough-none\">\u201cSomni\u201d signifie r\u00eave en valencien. C'est un mot doux, \u00e9vocateur et proche, qui ressemble \u00e0 ce qu'il repr\u00e9sente : quelque chose d'\u00e9th\u00e9r\u00e9, de beau et de d\u00e9sir\u00e9.<\/span><\/p><p class=\"cvGsUA direction-ltr align-justify para-style-body\">\u00a0<\/p><p class=\"cvGsUA direction-ltr align-justify para-style-body\"><span class=\"a_GcMg font-feature-liga-off font-feature-clig-off font-feature-calt-off text-decoration-none text-strikethrough-none\">Nous avons choisi Somni parce qu'il r\u00e9sume, sans le dire de mani\u00e8re \u00e9vidente, ce d\u00e9sir profond que de nombreuses personnes intol\u00e9rantes ont toujours eu : vivre la gastronomie avec la m\u00eame libert\u00e9, la m\u00eame spontan\u00e9it\u00e9 et la m\u00eame confiance que n'importe qui d'autre. Aller au restaurant sans crainte, sans avoir \u00e0 s'expliquer, \u00e0 se justifier ou \u00e0 renoncer. Pouvoir choisir par plaisir et non par prudence.<\/span><\/p><p class=\"cvGsUA direction-ltr align-justify para-style-body\">\u00a0<\/p><p class=\"cvGsUA direction-ltr align-justify para-style-body\"><span class=\"a_GcMg font-feature-liga-off font-feature-clig-off font-feature-calt-off text-decoration-none text-strikethrough-none\">Mais Somni ne s'adresse pas seulement aux personnes souffrant d'un probl\u00e8me alimentaire. Il s'adresse \u00e9galement \u00e0 ceux qui recherchent une exp\u00e9rience plus sensorielle, plus honn\u00eate et plus mature. C'est un mot qui renvoie \u00e0 l'intangible, \u00e0 l'\u00e9motionnel, \u00e0 ce qui va au-del\u00e0 de l'assiette. Il invite \u00e0 imaginer, \u00e0 se laisser aller...<\/span><\/p><p class=\"cvGsUA direction-ltr align-justify para-style-body\">\u00a0<\/p><p class=\"cvGsUA direction-ltr align-justify para-style-body\"><span class=\"a_GcMg font-feature-liga-off font-feature-clig-off font-feature-calt-off text-decoration-none text-strikethrough-none\">En bref, Somni n'est pas qu'un nom....<\/span><\/p><p class=\"cvGsUA direction-ltr align-justify para-style-body\"><span class=\"a_GcMg font-feature-liga-off font-feature-clig-off font-feature-calt-off text-decoration-none text-strikethrough-none\">... est une d\u00e9claration d'intention : rendre possible ce qui semblait inaccessible.<\/span><\/p>\t\t\t\t\t\t\t\t<\/div>\n\t\t\t\t<\/div>\n\t\t<div class=\"elementor-element elementor-element-4b9ec78 e-con-full e-flex e-con e-child\" data-id=\"4b9ec78\" data-element_type=\"container\" data-e-type=\"container\">\n\t\t\t\t<div class=\"elementor-element elementor-element-449e661 elementor-widget elementor-widget-image\" data-id=\"449e661\" data-element_type=\"widget\" data-e-type=\"widget\" data-widget_type=\"image.default\">\n\t\t\t\t\t\t\t\t\t\t\t\t\t\t\t<img fetchpriority=\"high\" decoding=\"async\" width=\"907\" height=\"1094\" src=\"https:\/\/somnirestaurante.com\/wp-content\/uploads\/2025\/09\/hornacinas-Somni-web.zip-2_1-e1759147392205.png\" class=\"attachment-full size-full wp-image-759\" alt=\"\" srcset=\"https:\/\/somnirestaurante.com\/wp-content\/uploads\/2025\/09\/hornacinas-Somni-web.zip-2_1-e1759147392205.png 907w, https:\/\/somnirestaurante.com\/wp-content\/uploads\/2025\/09\/hornacinas-Somni-web.zip-2_1-e1759147392205-249x300.png 249w, https:\/\/somnirestaurante.com\/wp-content\/uploads\/2025\/09\/hornacinas-Somni-web.zip-2_1-e1759147392205-849x1024.png 849w, https:\/\/somnirestaurante.com\/wp-content\/uploads\/2025\/09\/hornacinas-Somni-web.zip-2_1-e1759147392205-768x926.png 768w\" sizes=\"(max-width: 907px) 100vw, 907px\" \/>\t\t\t\t\t\t\t\t\t\t\t\t\t\t\t<\/div>\n\t\t\t\t<\/div>\n\t\t\t\t<\/div>\n\t\t\t\t<\/div>","protected":false},"excerpt":{"rendered":"<p>Libre como un sue\u00f1o \u201cSomni\u201d significa sue\u00f1o en valenciano. Es una palabra suave, evocadora y cercana, que suena como lo que representa: algo et\u00e9reo, bello y deseado. \u00a0 Elegimos Somni porque encapsula, sin decirlo de forma obvia, ese deseo profundo que muchas personas con intolerancias han tenido siempre: vivir la gastronom\u00eda con la misma libertad, [&hellip;]<\/p>\n","protected":false},"author":1,"featured_media":0,"parent":0,"menu_order":0,"comment_status":"closed","ping_status":"closed","template":"elementor_header_footer","meta":{"inline_featured_image":false,"_themeisle_gutenberg_block_has_review":false,"footnotes":""},"class_list":["post-48","page","type-page","status-publish","hentry"],"_links":{"self":[{"href":"https:\/\/somnirestaurante.com\/fr\/wp-json\/wp\/v2\/pages\/48","targetHints":{"allow":["GET"]}}],"collection":[{"href":"https:\/\/somnirestaurante.com\/fr\/wp-json\/wp\/v2\/pages"}],"about":[{"href":"https:\/\/somnirestaurante.com\/fr\/wp-json\/wp\/v2\/types\/page"}],"author":[{"embeddable":true,"href":"https:\/\/somnirestaurante.com\/fr\/wp-json\/wp\/v2\/users\/1"}],"replies":[{"embeddable":true,"href":"https:\/\/somnirestaurante.com\/fr\/wp-json\/wp\/v2\/comments?post=48"}],"version-history":[{"count":110,"href":"https:\/\/somnirestaurante.com\/fr\/wp-json\/wp\/v2\/pages\/48\/revisions"}],"predecessor-version":[{"id":1044,"href":"https:\/\/somnirestaurante.com\/fr\/wp-json\/wp\/v2\/pages\/48\/revisions\/1044"}],"wp:attachment":[{"href":"https:\/\/somnirestaurante.com\/fr\/wp-json\/wp\/v2\/media?parent=48"}],"curies":[{"name":"wp","href":"https:\/\/api.w.org\/{rel}","templated":true}]}}