{"id":605,"date":"2025-09-12T12:14:54","date_gmt":"2025-09-12T12:14:54","guid":{"rendered":"https:\/\/somnirestaurante.com\/?page_id=605"},"modified":"2025-09-12T12:16:28","modified_gmt":"2025-09-12T12:16:28","slug":"accesibilidad","status":"publish","type":"page","link":"https:\/\/somnirestaurante.com\/fr\/accesibilidad\/","title":{"rendered":"Accessibilit\u00e9"},"content":{"rendered":"<div data-elementor-type=\"wp-page\" data-elementor-id=\"605\" class=\"elementor elementor-605\" data-elementor-post-type=\"page\">\n\t\t\t\t<div class=\"elementor-element elementor-element-e696621 e-flex e-con-boxed e-con e-parent\" data-id=\"e696621\" data-element_type=\"container\" data-e-type=\"container\">\n\t\t\t\t\t<div class=\"e-con-inner\">\n\t\t\t\t<div class=\"elementor-element elementor-element-b31da36 elementor-widget elementor-widget-text-editor\" data-id=\"b31da36\" data-element_type=\"widget\" data-e-type=\"widget\" data-widget_type=\"text-editor.default\">\n\t\t\t\t\t\t\t\t\t<div id=\"cmsmasters_row_0ruhpfb2xo\" class=\"cmsmasters_row cmsmasters_color_scheme_default cmsmasters_row_top_default cmsmasters_row_bot_default cmsmasters_row_boxed\"><div class=\"cmsmasters_row_outer_parent\"><div class=\"cmsmasters_row_outer\"><div class=\"cmsmasters_row_inner\"><div class=\"cmsmasters_row_margin cmsmasters_11\"><div id=\"cmsmasters_column_1ynv19p4qn\" class=\"cmsmasters_column one_first\"><div class=\"cmsmasters_column_inner\"><div class=\"cmsmasters_text\"><h1>D\u00e9claration d'accessibilit\u00e9<\/h1><div class=\"page\" title=\"Page 5\"><div class=\"layoutArea\"><div class=\"column\"><p><strong>INTRODUCTION<\/strong><\/p><p>SOMNI RESTAURANTE s'engage \u00e0 rendre ses sites web accessibles conform\u00e9ment \u00e0 la <a title=\"Site officiel du Journal officiel de l&#039;\u00c9tat : Ouvre une nouvelle fen\u00eatre\" role=\"link\" href=\"https:\/\/www.boe.es\/buscar\/act.php?id=BOE-A-2018-12699\" target=\"_blank\" rel=\"noopener\">Arr\u00eat\u00e9 royal 1112\/2018 du 7 septembre 2018<img decoding=\"async\" class=\"Technositepopup lazyloaded\" src=\"https:\/\/miraclerestaurante.es\/wp-content\/uploads\/2023\/07\/popup.gif\" alt=\"Abre nueva ventana\" data-ll-status=\"loaded\" \/><\/a>, sur l'accessibilit\u00e9 des sites web et des applications mobiles du secteur public (ci-apr\u00e8s, l'arr\u00eat\u00e9 royal 1112\/2018 du 7 septembre).<\/p><p>La pr\u00e9sente d\u00e9claration d'accessibilit\u00e9 s'applique au site web https:\/\/miraclerestaurante.es.<\/p><p><strong>\u00c9tat de conformit\u00e9<\/strong><\/p><p>Ce site web est\u00a0<strong>partiellement conforme<\/strong>\u00a0avec le d\u00e9cret royal 1112\/2018, du 7 septembre, en raison de la non-conformit\u00e9 des aspects suivants.<\/p><p><strong>Contenu non accessible<\/strong><\/p><p>Le contenu ci-dessous n'est pas accessible pour les raisons suivantes :<\/p><ol><li><strong>Non-respect de l'arr\u00eat\u00e9 royal 1112\/2018 du 7 septembre 2018<\/strong>Il peut y avoir des erreurs d'\u00e9dition occasionnelles sur certaines pages web, \u00e0 la fois dans le contenu HTML et dans les documents finaux publi\u00e9s apr\u00e8s le 20 septembre 2018 (date d'entr\u00e9e en vigueur du d\u00e9cret royal 1112\/2018 du 7 septembre). Plus pr\u00e9cis\u00e9ment, il peut y avoir des erreurs dans les documents contenant des graphiques, des tableaux complexes ou dans ceux sign\u00e9s \u00e9lectroniquement avant leur examen d'accessibilit\u00e9.<\/li><li><strong>Charge disproportionn\u00e9e<\/strong>sans objet.<\/li><li>Le contenu\u00a0<strong>n'entre pas dans le champ d'application de la l\u00e9gislation\u00a0<\/strong>applicable : il existe des fichiers bureautiques au format PDF ou dans d'autres formats publi\u00e9s avant le 20 septembre 2018 qui ne sont pas enti\u00e8rement conformes \u00e0 toutes les exigences en mati\u00e8re d'accessibilit\u00e9 ; le contenu de tiers qui n'est pas financ\u00e9, d\u00e9velopp\u00e9 ou contr\u00f4l\u00e9 par ce minist\u00e8re peut \u00e9galement se trouver dans cette situation.<\/li><\/ol><p><strong>Pr\u00e9paration de la pr\u00e9sente d\u00e9claration d'accessibilit\u00e9<\/strong><\/p><p>Cette d\u00e9claration a \u00e9t\u00e9 pr\u00e9par\u00e9e le 3 juillet 2023.<\/p><p>La m\u00e9thode utilis\u00e9e pour pr\u00e9parer la d\u00e9claration est une auto-\u00e9valuation r\u00e9alis\u00e9e par EL MIRACLE RESTAURANT.<\/p><p>Derni\u00e8re r\u00e9vision de la d\u00e9claration : 3 juillet 2023.<\/p><p><strong>Remarques et coordonn\u00e9es<\/strong><\/p><p>Vous pouvez faire des communications sur les exigences d'accessibilit\u00e9 (article 10.2.a) du d\u00e9cret royal 1112\/2018, du 7 septembre) comme, par exemple :<\/p><ul><li>Pour signaler tout manquement \u00e9ventuel \u00e0 la r\u00e9glementation de ce site web.<\/li><li>Transmettre d'autres difficult\u00e9s d'acc\u00e8s au contenu.<\/li><li>de formuler toute autre demande ou suggestion d'am\u00e9lioration concernant l'accessibilit\u00e9 du site web.<\/li><\/ul><p>Par les canaux suivants :<\/p><ul><li>E-mail :\u00a0<a title=\"Acc\u00e8s \u00e0 la bo\u00eete aux lettres : s&#039;ouvre dans une nouvelle fen\u00eatre\" role=\"link\" href=\"mailto:accesibilidadweb@hacienda.gob.es\" target=\"_blank\" rel=\"noopener\">accesibilidadweb@hacienda.gob.es<img decoding=\"async\" class=\"Technositepopup lazyloaded\" src=\"https:\/\/miraclerestaurante.es\/wp-content\/uploads\/2023\/07\/popup.gif\" alt=\"Abre nueva ventana\" data-ll-status=\"loaded\" \/><\/a><\/li><li>T\u00e9l\u00e9phone : 900 567 765 - 91 595 80 00<\/li><\/ul><p>Les communications seront re\u00e7ues et trait\u00e9es par la Sous-direction g\u00e9n\u00e9rale des services web, de la transparence et de la protection des donn\u00e9es (Secr\u00e9tariat technique g\u00e9n\u00e9ral), en tant qu'unit\u00e9 responsable des contenus de ce site web.<\/p><p>Vous pouvez \u00e9galement demander un format accessible pour les informations qui ne sont pas conformes aux exigences d'accessibilit\u00e9, soit parce qu'elles sont exclues ou exempt\u00e9es en raison d'une charge disproportionn\u00e9e, ou d\u00e9poser une plainte pour non-respect des exigences d'accessibilit\u00e9.<\/p><p><strong>Proc\u00e9dure de candidature<\/strong><\/p><p>Cette proc\u00e9dure vous permet de d\u00e9poser une plainte pour conna\u00eetre et contester les raisons du rejet d'une demande d'informations accessibles ou d'une plainte, pour demander l'adoption de mesures appropri\u00e9es si vous n'\u00eates pas d'accord avec la d\u00e9cision adopt\u00e9e, ou pour indiquer les raisons pour lesquelles vous consid\u00e9rez que la r\u00e9ponse n'est pas conforme aux exigences requises.<\/p><p><strong>Contenu optionnel<\/strong><\/p><p>Les mesures suivantes sont notamment prises pour faciliter l'accessibilit\u00e9 :<\/p><ul><li>Utilisation d'un texte alternatif sur les images<\/li><li>Les liens fournissent des d\u00e9tails sur la fonction ou la destination de l'hyperlien.<\/li><li>Utilisation des normes du W3C : XHTML 1.0, CSS 3.0, WAI AA.<\/li><\/ul><p>Vous pouvez consulter le\u00a0<a role=\"link\" href=\"https:\/\/impactovalencia.com\/aviso-legal\/\" target=\"_blank\" rel=\"noopener\">Avis juridique<\/a>\u00a0les navigateurs et versions pour lesquels ce site est optimis\u00e9.<\/p><\/div><\/div><\/div><\/div><\/div><\/div><\/div><\/div><\/div><\/div><\/div><div id=\"cmsmasters_row_\" class=\"cmsmasters_row cmsmasters_color_scheme_default cmsmasters_row_top_default cmsmasters_row_bot_default cmsmasters_row_boxed\"><div class=\"cmsmasters_row_outer_parent\"><div class=\"cmsmasters_row_outer\"><div class=\"cmsmasters_row_inner\"><div class=\"cmsmasters_row_margin cmsmasters_11\"><div id=\"cmsmasters_column_\" class=\"cmsmasters_column one_first\"><div class=\"cmsmasters_column_inner\"><div class=\"cmsmasters_text\">\u00a0<\/div><\/div><\/div><\/div><\/div><\/div><\/div><\/div>\t\t\t\t\t\t\t\t<\/div>\n\t\t\t\t\t<\/div>\n\t\t\t\t<\/div>\n\t\t\t\t<\/div>","protected":false},"excerpt":{"rendered":"<p>Declaraci\u00f3n de accesibilidad INTRODUCCIO\u0301N SOMNI RESTAURANTE se ha comprometido a hacer accesibles sus sitios web de conformidad con el Real Decreto 1112\/2018, de 7 de septiembre, sobre accesibilidad de los sitios web y aplicaciones para dispositivos m\u00f3viles del sector p\u00fablico (en adelante, Real Decreto 1112\/2018, de 7 de septiembre). La presente declaraci\u00f3n de accesibilidad se [&hellip;]<\/p>\n","protected":false},"author":1,"featured_media":0,"parent":0,"menu_order":0,"comment_status":"closed","ping_status":"closed","template":"elementor_header_footer","meta":{"inline_featured_image":false,"_themeisle_gutenberg_block_has_review":false,"footnotes":""},"class_list":["post-605","page","type-page","status-publish","hentry"],"_links":{"self":[{"href":"https:\/\/somnirestaurante.com\/fr\/wp-json\/wp\/v2\/pages\/605","targetHints":{"allow":["GET"]}}],"collection":[{"href":"https:\/\/somnirestaurante.com\/fr\/wp-json\/wp\/v2\/pages"}],"about":[{"href":"https:\/\/somnirestaurante.com\/fr\/wp-json\/wp\/v2\/types\/page"}],"author":[{"embeddable":true,"href":"https:\/\/somnirestaurante.com\/fr\/wp-json\/wp\/v2\/users\/1"}],"replies":[{"embeddable":true,"href":"https:\/\/somnirestaurante.com\/fr\/wp-json\/wp\/v2\/comments?post=605"}],"version-history":[{"count":10,"href":"https:\/\/somnirestaurante.com\/fr\/wp-json\/wp\/v2\/pages\/605\/revisions"}],"predecessor-version":[{"id":615,"href":"https:\/\/somnirestaurante.com\/fr\/wp-json\/wp\/v2\/pages\/605\/revisions\/615"}],"wp:attachment":[{"href":"https:\/\/somnirestaurante.com\/fr\/wp-json\/wp\/v2\/media?parent=605"}],"curies":[{"name":"wp","href":"https:\/\/api.w.org\/{rel}","templated":true}]}}