{"id":273,"date":"2025-08-21T09:50:55","date_gmt":"2025-08-21T09:50:55","guid":{"rendered":"https:\/\/somnirestaurante.com\/?page_id=273"},"modified":"2025-09-10T17:24:54","modified_gmt":"2025-09-10T17:24:54","slug":"politica-de-privacidad","status":"publish","type":"page","link":"https:\/\/somnirestaurante.com\/it\/politica-de-privacidad\/","title":{"rendered":"Informativa sulla privacy"},"content":{"rendered":"<div data-elementor-type=\"wp-page\" data-elementor-id=\"273\" class=\"elementor elementor-273\" data-elementor-post-type=\"page\">\n\t\t\t\t<div class=\"elementor-element elementor-element-7a2267e1 e-flex e-con-boxed e-con e-parent\" data-id=\"7a2267e1\" data-element_type=\"container\" data-e-type=\"container\">\n\t\t\t\t\t<div class=\"e-con-inner\">\n\t\t\t\t<div class=\"elementor-element elementor-element-9745c83 elementor-widget elementor-widget-heading\" data-id=\"9745c83\" data-element_type=\"widget\" data-e-type=\"widget\" data-widget_type=\"heading.default\">\n\t\t\t\t\t<h2 class=\"elementor-heading-title elementor-size-default\">INFORMATIVA SULLA PRIVACY<\/h2>\t\t\t\t<\/div>\n\t\t\t\t<div class=\"elementor-element elementor-element-65535348 elementor-widget elementor-widget-text-editor\" data-id=\"65535348\" data-element_type=\"widget\" data-e-type=\"widget\" data-widget_type=\"text-editor.default\">\n\t\t\t\t\t\t\t\t\t\n<h2 class=\"wp-block-heading\">Chi siamo<\/h2>\n\n<p>L'indirizzo del nostro sito web \u00e8: https:\/\/somnirestaurante.com.<\/p>\n\n<h2 class=\"wp-block-heading\">Commenti<\/h2>\n\n<p>Quando i visitatori lasciano commenti sul sito, raccogliamo i dati visualizzati nel modulo di commento, nonch\u00e9 l'indirizzo IP del visitatore e la stringa dello user agent del browser per facilitare il rilevamento dello spam.<\/p>\n\n<p>Una stringa anonima creata dal vostro indirizzo e-mail (chiamata anche hash) pu\u00f2 essere fornita al servizio Gravatar per verificare se lo state utilizzando. L'informativa sulla privacy del servizio Gravatar \u00e8 disponibile qui: https:\/\/automattic.com\/privacy\/. Dopo l'approvazione del commento, l'immagine del profilo \u00e8 visibile al pubblico nel contesto del commento.<\/p>\n\n<h2 class=\"wp-block-heading\">Media<\/h2>\n\n<p>Se si caricano immagini sul sito web, si dovrebbe evitare di caricare immagini con dati di localizzazione (GPS EXIF) inclusi. I visitatori del sito web possono scaricare ed estrarre qualsiasi dato sulla posizione dalle immagini presenti sul sito.<\/p>\n\n<h2 class=\"wp-block-heading\">Biscotti<\/h2>\n\n<p>Se lasciate un commento sul nostro sito, potete scegliere di salvare il vostro nome, indirizzo e-mail e sito web nei cookie. Questo per comodit\u00e0, in modo da non dover inserire nuovamente i vostri dati quando lasciate un altro commento. La durata di questi cookie \u00e8 di un anno.<\/p>\n\n<p>Se avete un account e accedete a questo sito, imposteremo un cookie temporaneo per determinare se il vostro browser accetta i cookie. Questo cookie non contiene dati personali e viene cancellato quando si chiude il browser.<\/p>\n\n<p>Quando si accede, vengono impostati anche alcuni cookie per memorizzare le informazioni di accesso e le opzioni di visualizzazione dello schermo. I cookie di accesso durano due giorni, mentre i cookie delle opzioni di visualizzazione durano un anno. Se si seleziona \u00abRicordami\u00bb, il login durer\u00e0 due settimane. Se si esce dal proprio account, i cookie di accesso vengono cancellati.<\/p>\n\n<p>Se modificate o pubblicate un articolo, nel vostro browser verr\u00e0 salvato un ulteriore cookie. Questo cookie non contiene dati personali e indica semplicemente l'ID dell'articolo appena modificato. Scade dopo 1 giorno.<\/p>\n\n<h2 class=\"wp-block-heading\">Contenuti incorporati da altri siti web<\/h2>\n\n<p>Gli articoli di questo sito possono includere contenuti incorporati (ad esempio video, immagini, articoli, ecc.). I contenuti incorporati provenienti da altri siti web si comportano esattamente come se il visitatore avesse visitato l'altro sito web.<\/p>\n\n<p>Questi siti web possono raccogliere dati sull'utente, utilizzare cookie, incorporare un ulteriore tracciamento da parte di terzi e monitorare l'interazione dell'utente con il contenuto incorporato, compreso il tracciamento dell'interazione dell'utente con il contenuto incorporato se dispone di un account e ha effettuato l'accesso al sito web in questione.<\/p>\n\n<h2 class=\"wp-block-heading\">Con chi condividiamo i vostri dati<\/h2>\n\n<p>Se si richiede la reimpostazione della password, il proprio indirizzo IP sar\u00e0 incluso nell'e-mail di reimpostazione.<\/p>\n\n<h2 class=\"wp-block-heading\">Per quanto tempo conserviamo i vostri dati<\/h2>\n\n<p>Se si lascia un commento, il commento e i suoi metadati vengono conservati a tempo indeterminato. In questo modo possiamo riconoscere e approvare automaticamente i commenti successivi, anzich\u00e9 tenerli in una coda di moderazione.<\/p>\n\n<p>Per gli utenti che si registrano sul nostro sito web (se presenti), memorizziamo anche le informazioni personali fornite nel loro profilo utente. Tutti gli utenti possono visualizzare, modificare o cancellare le proprie informazioni personali in qualsiasi momento (ad eccezione del fatto che non possono modificare il proprio nome utente). Anche gli amministratori del sito possono visualizzare e modificare tali informazioni.<\/p>\n\n<h2 class=\"wp-block-heading\">Quali diritti avete sui vostri dati<\/h2>\n\n<p>Se avete un account o avete lasciato commenti su questo sito web, potete richiedere di ricevere un file di esportazione dei dati personali in nostro possesso, compresi i dati che ci avete fornito. Potete anche richiedere la cancellazione dei dati personali in nostro possesso. Ci\u00f2 non include i dati che siamo tenuti a conservare per scopi amministrativi, legali o di sicurezza.<\/p>\n\n<h2 class=\"wp-block-heading\">Dove vengono inviati i vostri dati<\/h2>\n\n<p>I commenti dei visitatori possono essere controllati da un servizio automatico di rilevamento dello spam.<\/p>\n\n<p>\u00a0<\/p>\t\t\t\t\t\t\t\t<\/div>\n\t\t\t\t\t<\/div>\n\t\t\t\t<\/div>\n\t\t\t\t<\/div>","protected":false},"excerpt":{"rendered":"<p>POL\u00cdTICA DE PRIVACIDAD Qui\u00e9nes somos La direcci\u00f3n de nuestra web es: https:\/\/somnirestaurante.com. Comentarios Cuando los visitantes dejan comentarios en la web, recopilamos los datos que se muestran en el formulario de comentarios, as\u00ed como la direcci\u00f3n IP del visitante y la cadena de agentes de usuario del navegador para ayudar a la detecci\u00f3n de spam. [&hellip;]<\/p>\n","protected":false},"author":1,"featured_media":0,"parent":0,"menu_order":0,"comment_status":"closed","ping_status":"closed","template":"elementor_header_footer","meta":{"inline_featured_image":false,"_themeisle_gutenberg_block_has_review":false,"footnotes":""},"class_list":["post-273","page","type-page","status-publish","hentry"],"_links":{"self":[{"href":"https:\/\/somnirestaurante.com\/it\/wp-json\/wp\/v2\/pages\/273","targetHints":{"allow":["GET"]}}],"collection":[{"href":"https:\/\/somnirestaurante.com\/it\/wp-json\/wp\/v2\/pages"}],"about":[{"href":"https:\/\/somnirestaurante.com\/it\/wp-json\/wp\/v2\/types\/page"}],"author":[{"embeddable":true,"href":"https:\/\/somnirestaurante.com\/it\/wp-json\/wp\/v2\/users\/1"}],"replies":[{"embeddable":true,"href":"https:\/\/somnirestaurante.com\/it\/wp-json\/wp\/v2\/comments?post=273"}],"version-history":[{"count":4,"href":"https:\/\/somnirestaurante.com\/it\/wp-json\/wp\/v2\/pages\/273\/revisions"}],"predecessor-version":[{"id":354,"href":"https:\/\/somnirestaurante.com\/it\/wp-json\/wp\/v2\/pages\/273\/revisions\/354"}],"wp:attachment":[{"href":"https:\/\/somnirestaurante.com\/it\/wp-json\/wp\/v2\/media?parent=273"}],"curies":[{"name":"wp","href":"https:\/\/api.w.org\/{rel}","templated":true}]}}