{"id":605,"date":"2025-09-12T12:14:54","date_gmt":"2025-09-12T12:14:54","guid":{"rendered":"https:\/\/somnirestaurante.com\/?page_id=605"},"modified":"2025-09-12T12:16:28","modified_gmt":"2025-09-12T12:16:28","slug":"accesibilidad","status":"publish","type":"page","link":"https:\/\/somnirestaurante.com\/it\/accesibilidad\/","title":{"rendered":"Accessibilit\u00e0"},"content":{"rendered":"<div data-elementor-type=\"wp-page\" data-elementor-id=\"605\" class=\"elementor elementor-605\" data-elementor-post-type=\"page\">\n\t\t\t\t<div class=\"elementor-element elementor-element-e696621 e-flex e-con-boxed e-con e-parent\" data-id=\"e696621\" data-element_type=\"container\" data-e-type=\"container\">\n\t\t\t\t\t<div class=\"e-con-inner\">\n\t\t\t\t<div class=\"elementor-element elementor-element-b31da36 elementor-widget elementor-widget-text-editor\" data-id=\"b31da36\" data-element_type=\"widget\" data-e-type=\"widget\" data-widget_type=\"text-editor.default\">\n\t\t\t\t\t\t\t\t\t<div id=\"cmsmasters_row_0ruhpfb2xo\" class=\"cmsmasters_row cmsmasters_color_scheme_default cmsmasters_row_top_default cmsmasters_row_bot_default cmsmasters_row_boxed\"><div class=\"cmsmasters_row_outer_parent\"><div class=\"cmsmasters_row_outer\"><div class=\"cmsmasters_row_inner\"><div class=\"cmsmasters_row_margin cmsmasters_11\"><div id=\"cmsmasters_column_1ynv19p4qn\" class=\"cmsmasters_column one_first\"><div class=\"cmsmasters_column_inner\"><div class=\"cmsmasters_text\"><h1>Dichiarazione di accessibilit\u00e0<\/h1><div class=\"page\" title=\"Pagina 5\"><div class=\"layoutArea\"><div class=\"column\"><p><strong>INTRODUZIONE<\/strong><\/p><p>SOMNI RESTAURANTE si impegna a rendere i propri siti web accessibili in conformit\u00e0 con la <a title=\"Sito ufficiale della Gazzetta Ufficiale dello Stato : Si apre in una nuova finestra\" role=\"link\" href=\"https:\/\/www.boe.es\/buscar\/act.php?id=BOE-A-2018-12699\" target=\"_blank\" rel=\"noopener\">Decreto reale 1112\/2018 del 7 settembre 2018<img decoding=\"async\" class=\"Technositepopup lazyloaded\" src=\"https:\/\/miraclerestaurante.es\/wp-content\/uploads\/2023\/07\/popup.gif\" alt=\"Abre nueva ventana\" data-ll-status=\"loaded\" \/><\/a>, sull'accessibilit\u00e0 dei siti web e delle applicazioni mobili del settore pubblico (di seguito, Regio Decreto 1112\/2018 del 7 settembre).<\/p><p>Questa dichiarazione di accessibilit\u00e0 si applica al sito web https:\/\/miraclerestaurante.es.<\/p><p><strong>Stato di conformit\u00e0<\/strong><\/p><p>Questo sito web \u00e8\u00a0<strong>parzialmente conforme<\/strong>\u00a0con il Decreto Reale 1112\/2018, del 7 settembre, a causa della non conformit\u00e0 dei seguenti aspetti.<\/p><p><strong>Contenuto non accessibile<\/strong><\/p><p>Il contenuto sottostante non \u00e8 accessibile per i seguenti motivi:<\/p><ol><li><strong>Non conformit\u00e0 con il Regio Decreto 1112\/2018 del 7 settembre 2018<\/strong>\u00c8 possibile che in alcune pagine web si verifichino occasionalmente errori di editing, sia nei contenuti HTML che nei documenti finali pubblicati dopo il 20 settembre 2018 (data di entrata in vigore del Regio Decreto 1112\/2018 del 7 settembre). In particolare, potrebbero esserci errori in quei documenti che contengono grafici, tabelle complesse o in quelli firmati elettronicamente prima della revisione dell'accessibilit\u00e0.<\/li><li><strong>Onere sproporzionato<\/strong>non applicabile.<\/li><li>Il contenuto\u00a0<strong>non rientra nell'ambito di applicazione della normativa\u00a0<\/strong>applicabile: esistono file d'ufficio in PDF o in altri formati pubblicati prima del 20 settembre 2018 che non soddisfano pienamente tutti i requisiti di accessibilit\u00e0; anche i contenuti di terzi non finanziati, sviluppati o sotto il controllo di questo Ministero possono trovarsi in questa situazione.<\/li><\/ol><p><strong>Preparazione della presente dichiarazione di accessibilit\u00e0<\/strong><\/p><p>La presente dichiarazione \u00e8 stata redatta il 3 luglio 2023.<\/p><p>Il metodo utilizzato per preparare la dichiarazione \u00e8 stato un'autovalutazione effettuata dal RISTORANTE EL MIRACLE.<\/p><p>Ultima revisione della dichiarazione: 3 luglio 2023.<\/p><p><strong>Osservazioni e contatti<\/strong><\/p><p>\u00c8 possibile effettuare comunicazioni sui requisiti di accessibilit\u00e0 (articolo 10.2.a) del Regio Decreto 1112\/2018, del 7 settembre) come, ad esempio:<\/p><ul><li>Per segnalare eventuali non conformit\u00e0 da parte di questo sito web.<\/li><li>Convogliare altre difficolt\u00e0 di accesso ai contenuti.<\/li><li>Per fare qualsiasi altra richiesta o suggerimento per migliorare l'accessibilit\u00e0 del sito web.<\/li><\/ul><p>Attraverso i seguenti canali:<\/p><ul><li>E-mail:\u00a0<a title=\"Accesso alla casella di posta elettronica: si apre in una nuova finestra\" role=\"link\" href=\"mailto:accesibilidadweb@hacienda.gob.es\" target=\"_blank\" rel=\"noopener\">accesibilidadweb@hacienda.gob.es<img decoding=\"async\" class=\"Technositepopup lazyloaded\" src=\"https:\/\/miraclerestaurante.es\/wp-content\/uploads\/2023\/07\/popup.gif\" alt=\"Abre nueva ventana\" data-ll-status=\"loaded\" \/><\/a><\/li><li>Numeri di telefono: 900 567 765 - 91 595 80 00<\/li><\/ul><p>Le comunicazioni saranno ricevute e trattate dalla Sottodirezione Generale per i Servizi Web, la Trasparenza e la Protezione dei Dati (Segreteria Tecnica Generale), in quanto unit\u00e0 responsabile dei contenuti di questo sito web.<\/p><p>\u00c8 inoltre possibile richiedere in formato accessibile le informazioni non conformi ai requisiti di accessibilit\u00e0, perch\u00e9 escluse o esentate a causa di un onere sproporzionato, o presentare un reclamo per la mancata conformit\u00e0 ai requisiti di accessibilit\u00e0.<\/p><p><strong>Procedura di applicazione<\/strong><\/p><p>Attraverso questa procedura \u00e8 possibile avviare un reclamo per conoscere e opporsi alle ragioni del rifiuto di una richiesta di informazioni accessibili o di un reclamo, per sollecitare l'adozione di misure appropriate nel caso in cui non si condivida la decisione adottata, o per esporre le ragioni per cui si ritiene che la risposta non sia conforme ai requisiti richiesti.<\/p><p><strong>Contenuto opzionale<\/strong><\/p><p>Per facilitare l'accessibilit\u00e0 vengono adottate, tra le altre, le seguenti misure:<\/p><ul><li>Uso di testo alternativo sulle immagini<\/li><li>I link forniscono dettagli sulla funzione o sulla destinazione del collegamento ipertestuale.<\/li><li>Utilizzo degli standard W3C: XHTML 1.0, CSS 3.0, WAI AA.<\/li><\/ul><p>\u00c8 possibile consultare il\u00a0<a role=\"link\" href=\"https:\/\/impactovalencia.com\/aviso-legal\/\" target=\"_blank\" rel=\"noopener\">Avviso legale<\/a>\u00a0per quali browser e versioni questo sito web \u00e8 ottimizzato.<\/p><\/div><\/div><\/div><\/div><\/div><\/div><\/div><\/div><\/div><\/div><\/div><div id=\"cmsmasters_row_\" class=\"cmsmasters_row cmsmasters_color_scheme_default cmsmasters_row_top_default cmsmasters_row_bot_default cmsmasters_row_boxed\"><div class=\"cmsmasters_row_outer_parent\"><div class=\"cmsmasters_row_outer\"><div class=\"cmsmasters_row_inner\"><div class=\"cmsmasters_row_margin cmsmasters_11\"><div id=\"cmsmasters_column_\" class=\"cmsmasters_column one_first\"><div class=\"cmsmasters_column_inner\"><div class=\"cmsmasters_text\">\u00a0<\/div><\/div><\/div><\/div><\/div><\/div><\/div><\/div>\t\t\t\t\t\t\t\t<\/div>\n\t\t\t\t\t<\/div>\n\t\t\t\t<\/div>\n\t\t\t\t<\/div>","protected":false},"excerpt":{"rendered":"<p>Declaraci\u00f3n de accesibilidad INTRODUCCIO\u0301N SOMNI RESTAURANTE se ha comprometido a hacer accesibles sus sitios web de conformidad con el Real Decreto 1112\/2018, de 7 de septiembre, sobre accesibilidad de los sitios web y aplicaciones para dispositivos m\u00f3viles del sector p\u00fablico (en adelante, Real Decreto 1112\/2018, de 7 de septiembre). La presente declaraci\u00f3n de accesibilidad se [&hellip;]<\/p>\n","protected":false},"author":1,"featured_media":0,"parent":0,"menu_order":0,"comment_status":"closed","ping_status":"closed","template":"elementor_header_footer","meta":{"inline_featured_image":false,"_themeisle_gutenberg_block_has_review":false,"footnotes":""},"class_list":["post-605","page","type-page","status-publish","hentry"],"_links":{"self":[{"href":"https:\/\/somnirestaurante.com\/it\/wp-json\/wp\/v2\/pages\/605","targetHints":{"allow":["GET"]}}],"collection":[{"href":"https:\/\/somnirestaurante.com\/it\/wp-json\/wp\/v2\/pages"}],"about":[{"href":"https:\/\/somnirestaurante.com\/it\/wp-json\/wp\/v2\/types\/page"}],"author":[{"embeddable":true,"href":"https:\/\/somnirestaurante.com\/it\/wp-json\/wp\/v2\/users\/1"}],"replies":[{"embeddable":true,"href":"https:\/\/somnirestaurante.com\/it\/wp-json\/wp\/v2\/comments?post=605"}],"version-history":[{"count":10,"href":"https:\/\/somnirestaurante.com\/it\/wp-json\/wp\/v2\/pages\/605\/revisions"}],"predecessor-version":[{"id":615,"href":"https:\/\/somnirestaurante.com\/it\/wp-json\/wp\/v2\/pages\/605\/revisions\/615"}],"wp:attachment":[{"href":"https:\/\/somnirestaurante.com\/it\/wp-json\/wp\/v2\/media?parent=605"}],"curies":[{"name":"wp","href":"https:\/\/api.w.org\/{rel}","templated":true}]}}